{"id":1787,"date":"2021-03-30T15:54:40","date_gmt":"2021-03-30T15:54:40","guid":{"rendered":"https:\/\/www.misflorescali.com\/flores\/?post_type=product&#038;p=1787"},"modified":"2023-05-08T17:50:38","modified_gmt":"2023-05-08T17:50:38","slug":"arreglo-floral-ref-402","status":"publish","type":"product","link":"https:\/\/www.misflorescali.com\/flores\/product\/arreglo-floral-ref-402\/","title":{"rendered":"Arreglo Floral Ref #402"},"content":{"rendered":"","protected":false},"excerpt":{"rendered":"<p>&nbsp;<\/p>\n<p><strong>Contiene:\u00a0<\/strong><\/p>\n<p>Rosas Rojas, lirio blanco, aves de paraiso, lirio rosado<\/p>\n<p><strong>NOTA<\/strong>: Si Deseas Realizar Alg\u00fan cambio al color de tu detalle, o si quieres a\u00f1adir alg\u00fan globo u otro elemento puedes\u00a0<strong>Escribirnos v\u00eda WhatsApp 3122963759.<\/strong><\/p>\n<p>Puedes Cambiar, el color de rosas. (contando con las disponibilidad en el momento)<\/p>\n<p><strong>HORARIO DE ATENCION:\u00a0<\/strong>Se estar\u00e1 atendiendo de lunes a s\u00e1bado de 8 am a 5:30 pm, Domingo y Festivos de 8:00 am a 3:30 pm. Los Tel\u00e9fonos y el Chat estar\u00e1n disponibles en hora laboral.<\/p>\n<p><strong>RECUERDA:\u00a0<\/strong>puedes realizar tu compra\u00a0<strong>durante las 24 Horas del d\u00eda de la semana en<em>\u00a0Misflorescali.com.<\/em><\/strong><\/p>\n<p><strong>DESPACHO:<\/strong>\u00a0Si tu producto, es para el mismo d\u00eda, Realiza tu pedido m\u00e1ximo con 2 horas de anticipaci\u00f3n.\u00a0<strong>Los\u00a0<\/strong><strong>Domingos, Solo Se Despachara Los Perdidos Del D\u00eda Anterior.<\/strong><\/p>\n<p><strong>Para validar<\/strong>\u00a0tu compra, es necesario la Confirmaci\u00f3n de Pago.<\/p>\n","protected":false},"featured_media":1789,"template":"","meta":{"site-sidebar-layout":"default","site-content-layout":"","ast-site-content-layout":"default","site-content-style":"default","site-sidebar-style":"default","ast-global-header-display":"","ast-banner-title-visibility":"","ast-main-header-display":"","ast-hfb-above-header-display":"","ast-hfb-below-header-display":"","ast-hfb-mobile-header-display":"","site-post-title":"","ast-breadcrumbs-content":"","ast-featured-img":"","footer-sml-layout":"","ast-disable-related-posts":"","theme-transparent-header-meta":"","adv-header-id-meta":"","stick-header-meta":"","header-above-stick-meta":"","header-main-stick-meta":"","header-below-stick-meta":"","astra-migrate-meta-layouts":"default","ast-page-background-enabled":"default","ast-page-background-meta":{"desktop":{"background-color":"var(--ast-global-color-4)","background-image":"","background-repeat":"repeat","background-position":"center center","background-size":"auto","background-attachment":"scroll","background-type":"","background-media":"","overlay-type":"","overlay-color":"","overlay-opacity":"","overlay-gradient":""},"tablet":{"background-color":"","background-image":"","background-repeat":"repeat","background-position":"center center","background-size":"auto","background-attachment":"scroll","background-type":"","background-media":"","overlay-type":"","overlay-color":"","overlay-opacity":"","overlay-gradient":""},"mobile":{"background-color":"","background-image":"","background-repeat":"repeat","background-position":"center center","background-size":"auto","background-attachment":"scroll","background-type":"","background-media":"","overlay-type":"","overlay-color":"","overlay-opacity":"","overlay-gradient":""}},"ast-content-background-meta":{"desktop":{"background-color":"var(--ast-global-color-5)","background-image":"","background-repeat":"repeat","background-position":"center center","background-size":"auto","background-attachment":"scroll","background-type":"","background-media":"","overlay-type":"","overlay-color":"","overlay-opacity":"","overlay-gradient":""},"tablet":{"background-color":"var(--ast-global-color-5)","background-image":"","background-repeat":"repeat","background-position":"center center","background-size":"auto","background-attachment":"scroll","background-type":"","background-media":"","overlay-type":"","overlay-color":"","overlay-opacity":"","overlay-gradient":""},"mobile":{"background-color":"var(--ast-global-color-5)","background-image":"","background-repeat":"repeat","background-position":"center center","background-size":"auto","background-attachment":"scroll","background-type":"","background-media":"","overlay-type":"","overlay-color":"","overlay-opacity":"","overlay-gradient":""}},"_joinchat":[]},"product_brand":[],"product_cat":[36,37,29,30,32,34],"product_tag":[135,255,88,245,41,46,659,657,168,656,144,579,658,568],"class_list":{"0":"post-1787","1":"product","2":"type-product","3":"status-publish","4":"has-post-thumbnail","6":"product_cat-cumpleanos","7":"product_cat-aniversario","8":"product_cat-san-valentin","9":"product_cat-dia-de-la-mujer","10":"product_cat-dia-de-la-madre","11":"product_cat-amor-y-amistad","12":"product_tag-alameda-cali","13":"product_tag-arreglo-floral-para-el-dia-de-la-madre","14":"product_tag-cali","15":"product_tag-cali-floristeria","16":"product_tag-cumpleanos","17":"product_tag-dia-de-la-madre","18":"product_tag-economico","19":"product_tag-feliz-dia-de-la-madre","20":"product_tag-floristeria-alameda","21":"product_tag-madre","22":"product_tag-mis-flores-cali","23":"product_tag-plaza-alameda-floristeria","24":"product_tag-ramo-para-regalar","25":"product_tag-servicio-a-domicilio","26":"desktop-align-left","27":"tablet-align-left","28":"mobile-align-left","30":"first","31":"instock","32":"shipping-taxable","33":"purchasable","34":"product-type-simple"},"_links":{"self":[{"href":"https:\/\/www.misflorescali.com\/flores\/wp-json\/wp\/v2\/product\/1787","targetHints":{"allow":["GET"]}}],"collection":[{"href":"https:\/\/www.misflorescali.com\/flores\/wp-json\/wp\/v2\/product"}],"about":[{"href":"https:\/\/www.misflorescali.com\/flores\/wp-json\/wp\/v2\/types\/product"}],"wp:featuredmedia":[{"embeddable":true,"href":"https:\/\/www.misflorescali.com\/flores\/wp-json\/wp\/v2\/media\/1789"}],"wp:attachment":[{"href":"https:\/\/www.misflorescali.com\/flores\/wp-json\/wp\/v2\/media?parent=1787"}],"wp:term":[{"taxonomy":"product_brand","embeddable":true,"href":"https:\/\/www.misflorescali.com\/flores\/wp-json\/wp\/v2\/product_brand?post=1787"},{"taxonomy":"product_cat","embeddable":true,"href":"https:\/\/www.misflorescali.com\/flores\/wp-json\/wp\/v2\/product_cat?post=1787"},{"taxonomy":"product_tag","embeddable":true,"href":"https:\/\/www.misflorescali.com\/flores\/wp-json\/wp\/v2\/product_tag?post=1787"}],"curies":[{"name":"wp","href":"https:\/\/api.w.org\/{rel}","templated":true}]}}