{"id":1827,"date":"2021-04-07T16:00:53","date_gmt":"2021-04-07T16:00:53","guid":{"rendered":"https:\/\/www.misflorescali.com\/flores\/?post_type=product&#038;p=1827"},"modified":"2021-04-07T17:02:37","modified_gmt":"2021-04-07T17:02:37","slug":"caja-de-rosa-ref-416","status":"publish","type":"product","link":"https:\/\/www.misflorescali.com\/flores\/product\/caja-de-rosa-ref-416\/","title":{"rendered":"Caja De Rosa Ref #416"},"content":{"rendered":"","protected":false},"excerpt":{"rendered":"<p>&nbsp;<\/p>\n<p><strong>Contiene:<\/strong><\/p>\n<p>Rosas rojas, y rosadas, lirio starfire<\/p>\n<p>Chocolate de ferrero. coraz\u00f3n<\/p>\n<p><strong>NOTA<\/strong>: Si Deseas Realizar Alg\u00fan cambio al color de tu detalle, o si quieres a\u00f1adir alg\u00fan globo u otro elemento puedes\u00a0<strong>Escribirnos v\u00eda WhatsApp 3122963759.<\/strong><\/p>\n<div class=\"woocommerce-product-details__short-description\">\n<p>Puedes Cambiar, el color de rosas. (contando con las disponibilidad en el momento) En caso de que la rosa\u00a0<strong>no este disponible\u00a0en el momento<\/strong>\u00a0se le remplazara por otra, por el mismo valor.<\/p>\n<p><strong>HORARIO DE ATENCION:\u00a0<\/strong>Se estar\u00e1 atendiendo de lunes a s\u00e1bado de 8 am a 5:30 pm, Domingo y Festivos de 8:00 am a 3:30 pm. Los Tel\u00e9fonos y el Chat estar\u00e1n disponibles en hora laboral.<\/p>\n<p><strong>RECUERDA:\u00a0<\/strong>puedes realizar tu compra\u00a0<strong>durante las 24 Horas del d\u00eda de la semana en<em>\u00a0Misflorescali.com.<\/em><\/strong><\/p>\n<p><strong>DESPACHO:<\/strong>\u00a0Si tu producto, es para el mismo d\u00eda, Realiza tu pedido m\u00e1ximo con 2 horas de anticipaci\u00f3n.\u00a0<strong>Los\u00a0<\/strong><strong>Domingos, Solo Se Despachara Los Perdidos Del D\u00eda Anterior.<\/strong><\/p>\n<p><strong>Para validar<\/strong> tu compra, es necesario la Confirmaci\u00f3n de Pago.<\/p>\n<\/div>\n","protected":false},"featured_media":1828,"template":"","meta":{"site-sidebar-layout":"default","site-content-layout":"","ast-site-content-layout":"default","site-content-style":"default","site-sidebar-style":"default","ast-global-header-display":"","ast-banner-title-visibility":"","ast-main-header-display":"","ast-hfb-above-header-display":"","ast-hfb-below-header-display":"","ast-hfb-mobile-header-display":"","site-post-title":"","ast-breadcrumbs-content":"","ast-featured-img":"","footer-sml-layout":"","ast-disable-related-posts":"","theme-transparent-header-meta":"","adv-header-id-meta":"","stick-header-meta":"","header-above-stick-meta":"","header-main-stick-meta":"","header-below-stick-meta":"","astra-migrate-meta-layouts":"default","ast-page-background-enabled":"default","ast-page-background-meta":{"desktop":{"background-color":"var(--ast-global-color-4)","background-image":"","background-repeat":"repeat","background-position":"center center","background-size":"auto","background-attachment":"scroll","background-type":"","background-media":"","overlay-type":"","overlay-color":"","overlay-opacity":"","overlay-gradient":""},"tablet":{"background-color":"","background-image":"","background-repeat":"repeat","background-position":"center center","background-size":"auto","background-attachment":"scroll","background-type":"","background-media":"","overlay-type":"","overlay-color":"","overlay-opacity":"","overlay-gradient":""},"mobile":{"background-color":"","background-image":"","background-repeat":"repeat","background-position":"center center","background-size":"auto","background-attachment":"scroll","background-type":"","background-media":"","overlay-type":"","overlay-color":"","overlay-opacity":"","overlay-gradient":""}},"ast-content-background-meta":{"desktop":{"background-color":"var(--ast-global-color-5)","background-image":"","background-repeat":"repeat","background-position":"center center","background-size":"auto","background-attachment":"scroll","background-type":"","background-media":"","overlay-type":"","overlay-color":"","overlay-opacity":"","overlay-gradient":""},"tablet":{"background-color":"var(--ast-global-color-5)","background-image":"","background-repeat":"repeat","background-position":"center center","background-size":"auto","background-attachment":"scroll","background-type":"","background-media":"","overlay-type":"","overlay-color":"","overlay-opacity":"","overlay-gradient":""},"mobile":{"background-color":"var(--ast-global-color-5)","background-image":"","background-repeat":"repeat","background-position":"center center","background-size":"auto","background-attachment":"scroll","background-type":"","background-media":"","overlay-type":"","overlay-color":"","overlay-opacity":"","overlay-gradient":""}},"_joinchat":[]},"product_brand":[],"product_cat":[36,37,40,24,29,30,32,34],"product_tag":[135,105,665,471,170,348,88,245,41,46,667,666,168,144,579,664,568],"class_list":{"0":"post-1827","1":"product","2":"type-product","3":"status-publish","4":"has-post-thumbnail","6":"product_cat-cumpleanos","7":"product_cat-aniversario","8":"product_cat-grados","9":"product_cat-cajas-con-flores","10":"product_cat-san-valentin","11":"product_cat-dia-de-la-mujer","12":"product_cat-dia-de-la-madre","13":"product_cat-amor-y-amistad","14":"product_tag-alameda-cali","15":"product_tag-amor-y-amistad","16":"product_tag-arreglo-madres","17":"product_tag-arreglo-para-el-dia-de-la-mujer","18":"product_tag-caja-de-rosas","19":"product_tag-caja-de-rosas-con-chocolates","20":"product_tag-cali","21":"product_tag-cali-floristeria","22":"product_tag-cumpleanos","23":"product_tag-dia-de-la-madre","24":"product_tag-feliz-dia-de-la-mujer","25":"product_tag-feliz-dia-mama","26":"product_tag-floristeria-alameda","27":"product_tag-mis-flores-cali","28":"product_tag-plaza-alameda-floristeria","29":"product_tag-rosa-rosada","30":"product_tag-servicio-a-domicilio","31":"desktop-align-left","32":"tablet-align-left","33":"mobile-align-left","35":"first","36":"instock","37":"shipping-taxable","38":"purchasable","39":"product-type-simple"},"_links":{"self":[{"href":"https:\/\/www.misflorescali.com\/flores\/wp-json\/wp\/v2\/product\/1827","targetHints":{"allow":["GET"]}}],"collection":[{"href":"https:\/\/www.misflorescali.com\/flores\/wp-json\/wp\/v2\/product"}],"about":[{"href":"https:\/\/www.misflorescali.com\/flores\/wp-json\/wp\/v2\/types\/product"}],"wp:featuredmedia":[{"embeddable":true,"href":"https:\/\/www.misflorescali.com\/flores\/wp-json\/wp\/v2\/media\/1828"}],"wp:attachment":[{"href":"https:\/\/www.misflorescali.com\/flores\/wp-json\/wp\/v2\/media?parent=1827"}],"wp:term":[{"taxonomy":"product_brand","embeddable":true,"href":"https:\/\/www.misflorescali.com\/flores\/wp-json\/wp\/v2\/product_brand?post=1827"},{"taxonomy":"product_cat","embeddable":true,"href":"https:\/\/www.misflorescali.com\/flores\/wp-json\/wp\/v2\/product_cat?post=1827"},{"taxonomy":"product_tag","embeddable":true,"href":"https:\/\/www.misflorescali.com\/flores\/wp-json\/wp\/v2\/product_tag?post=1827"}],"curies":[{"name":"wp","href":"https:\/\/api.w.org\/{rel}","templated":true}]}}