{"id":2117,"date":"2021-06-08T20:49:28","date_gmt":"2021-06-08T20:49:28","guid":{"rendered":"https:\/\/www.misflorescali.com\/flores\/?post_type=product&#038;p=2117"},"modified":"2023-05-10T15:39:37","modified_gmt":"2023-05-10T15:39:37","slug":"oso-tierno-arreglo-floral-redondo-ref-512","status":"publish","type":"product","link":"https:\/\/www.misflorescali.com\/flores\/product\/oso-tierno-arreglo-floral-redondo-ref-512\/","title":{"rendered":"Oso Tierno Arreglo Floral Redondo Ref #512"},"content":{"rendered":"","protected":false},"excerpt":{"rendered":"<p>&nbsp;<\/p>\n<p><strong>Contiene:<\/strong><\/p>\n<p>Canasta Redonda de rosas rojas, con eucalipto.<\/p>\n<p>Oso de Peluche, chocolatina Ferrero coraz\u00f3n<\/p>\n<p><strong>NOTA<\/strong>: Si Deseas Realizar Alg\u00fan cambio al color de tu detalle, o si quieres a\u00f1adir alg\u00fan globo u otro elemento puedes\u00a0<strong>Escribirnos v\u00eda WhatsApp 3122963759.<\/strong><\/p>\n<p>Puedes Cambiar, el color de rosas. (contando con las disponibilidad en el momento) En caso de que la rosa\u00a0<strong>no este disponible\u00a0en el momento<\/strong>\u00a0se le remplazara por otra, por el mismo valor.<\/p>\n<p><strong>HORARIO DE ATENCION:\u00a0<\/strong>Se estar\u00e1 atendiendo de lunes a s\u00e1bado de 8 am a 5:30 pm, Domingo y Festivos de 8:00 am a 3:30 pm. Los Tel\u00e9fonos y el Chat estar\u00e1n disponibles en hora laboral.<\/p>\n<p><strong>RECUERDA:\u00a0<\/strong>puedes realizar tu compra\u00a0<strong>durante las 24 Horas del d\u00eda de la semana en<em>\u00a0Misflorescali.com.<\/em><\/strong><\/p>\n<p><strong>DESPACHO:<\/strong>\u00a0Si tu producto, es para el mismo d\u00eda, Realiza tu pedido m\u00e1ximo con 2 horas de anticipaci\u00f3n.\u00a0<strong>Los\u00a0<\/strong><strong>Domingos, Solo Se Despachara Los Perdidos Del D\u00eda Anterior.<\/strong><\/p>\n<p><strong>Para validar<\/strong>\u00a0tu compra, es necesario la Confirmaci\u00f3n de Pago.<\/p>\n","protected":false},"featured_media":2118,"template":"","meta":{"site-sidebar-layout":"default","site-content-layout":"","ast-site-content-layout":"default","site-content-style":"default","site-sidebar-style":"default","ast-global-header-display":"","ast-banner-title-visibility":"","ast-main-header-display":"","ast-hfb-above-header-display":"","ast-hfb-below-header-display":"","ast-hfb-mobile-header-display":"","site-post-title":"","ast-breadcrumbs-content":"","ast-featured-img":"","footer-sml-layout":"","ast-disable-related-posts":"","theme-transparent-header-meta":"","adv-header-id-meta":"","stick-header-meta":"","header-above-stick-meta":"","header-main-stick-meta":"","header-below-stick-meta":"","astra-migrate-meta-layouts":"default","ast-page-background-enabled":"default","ast-page-background-meta":{"desktop":{"background-color":"var(--ast-global-color-4)","background-image":"","background-repeat":"repeat","background-position":"center center","background-size":"auto","background-attachment":"scroll","background-type":"","background-media":"","overlay-type":"","overlay-color":"","overlay-opacity":"","overlay-gradient":""},"tablet":{"background-color":"","background-image":"","background-repeat":"repeat","background-position":"center center","background-size":"auto","background-attachment":"scroll","background-type":"","background-media":"","overlay-type":"","overlay-color":"","overlay-opacity":"","overlay-gradient":""},"mobile":{"background-color":"","background-image":"","background-repeat":"repeat","background-position":"center center","background-size":"auto","background-attachment":"scroll","background-type":"","background-media":"","overlay-type":"","overlay-color":"","overlay-opacity":"","overlay-gradient":""}},"ast-content-background-meta":{"desktop":{"background-color":"var(--ast-global-color-5)","background-image":"","background-repeat":"repeat","background-position":"center center","background-size":"auto","background-attachment":"scroll","background-type":"","background-media":"","overlay-type":"","overlay-color":"","overlay-opacity":"","overlay-gradient":""},"tablet":{"background-color":"var(--ast-global-color-5)","background-image":"","background-repeat":"repeat","background-position":"center center","background-size":"auto","background-attachment":"scroll","background-type":"","background-media":"","overlay-type":"","overlay-color":"","overlay-opacity":"","overlay-gradient":""},"mobile":{"background-color":"var(--ast-global-color-5)","background-image":"","background-repeat":"repeat","background-position":"center center","background-size":"auto","background-attachment":"scroll","background-type":"","background-media":"","overlay-type":"","overlay-color":"","overlay-opacity":"","overlay-gradient":""}},"_joinchat":[]},"product_brand":[],"product_cat":[566,596,48,36,37,38,40,21,29,30,32,34],"product_tag":[135,105,615,321,117,255,359,88,245,322,168,144,744,745,123,579,527,658,64,568],"class_list":{"0":"post-2117","1":"product","2":"type-product","3":"status-publish","4":"has-post-thumbnail","6":"product_cat-arreglo-en-canasta","7":"product_cat-arreglo-en-canasta-arreglo-en-canasta","8":"product_cat-recuperacion","9":"product_cat-cumpleanos","10":"product_cat-aniversario","11":"product_cat-nacimiento","12":"product_cat-grados","13":"product_cat-arreglos-florales","14":"product_cat-san-valentin","15":"product_cat-dia-de-la-mujer","16":"product_cat-dia-de-la-madre","17":"product_cat-amor-y-amistad","18":"product_tag-alameda-cali","19":"product_tag-amor-y-amistad","20":"product_tag-arreglo-con-peluches","21":"product_tag-arreglo-en-canasta","22":"product_tag-arreglo-floral-en-canasta","23":"product_tag-arreglo-floral-para-el-dia-de-la-madre","24":"product_tag-arreglo-para-aniversario","25":"product_tag-cali","26":"product_tag-cali-floristeria","27":"product_tag-flores-en-canasta","28":"product_tag-floristeria-alameda","29":"product_tag-mis-flores-cali","30":"product_tag-osos-grandes","31":"product_tag-peluche-grande-con-rosas-rojas","32":"product_tag-peluches","33":"product_tag-plaza-alameda-floristeria","34":"product_tag-ramo-con-rosas-rojas","35":"product_tag-ramo-para-regalar","36":"product_tag-rosas-rojas","37":"product_tag-servicio-a-domicilio","38":"desktop-align-left","39":"tablet-align-left","40":"mobile-align-left","42":"first","43":"instock","44":"shipping-taxable","45":"purchasable","46":"product-type-simple"},"_links":{"self":[{"href":"https:\/\/www.misflorescali.com\/flores\/wp-json\/wp\/v2\/product\/2117","targetHints":{"allow":["GET"]}}],"collection":[{"href":"https:\/\/www.misflorescali.com\/flores\/wp-json\/wp\/v2\/product"}],"about":[{"href":"https:\/\/www.misflorescali.com\/flores\/wp-json\/wp\/v2\/types\/product"}],"wp:featuredmedia":[{"embeddable":true,"href":"https:\/\/www.misflorescali.com\/flores\/wp-json\/wp\/v2\/media\/2118"}],"wp:attachment":[{"href":"https:\/\/www.misflorescali.com\/flores\/wp-json\/wp\/v2\/media?parent=2117"}],"wp:term":[{"taxonomy":"product_brand","embeddable":true,"href":"https:\/\/www.misflorescali.com\/flores\/wp-json\/wp\/v2\/product_brand?post=2117"},{"taxonomy":"product_cat","embeddable":true,"href":"https:\/\/www.misflorescali.com\/flores\/wp-json\/wp\/v2\/product_cat?post=2117"},{"taxonomy":"product_tag","embeddable":true,"href":"https:\/\/www.misflorescali.com\/flores\/wp-json\/wp\/v2\/product_tag?post=2117"}],"curies":[{"name":"wp","href":"https:\/\/api.w.org\/{rel}","templated":true}]}}