{"id":2456,"date":"2021-12-22T15:35:07","date_gmt":"2021-12-22T15:35:07","guid":{"rendered":"https:\/\/www.misflorescali.com\/flores\/?post_type=product&#038;p=2456"},"modified":"2021-12-22T15:35:07","modified_gmt":"2021-12-22T15:35:07","slug":"canasta-floral-azulita-ref-644","status":"publish","type":"product","link":"https:\/\/www.misflorescali.com\/flores\/product\/canasta-floral-azulita-ref-644\/","title":{"rendered":"canasta floral azulita Ref #644"},"content":{"rendered":"","protected":false},"excerpt":{"rendered":"<p><strong>Contiene:<\/strong><\/p>\n<p>Rosas blancas ,hortencias ,perla, grimbol y mo\u00f1o decorativo<\/p>\n<p><strong>NOTA<\/strong>: Si Deseas Realizar Alg\u00fan cambio al color de tu detalle, o si quieres a\u00f1adir alg\u00fan globo u otro elemento puedes\u00a0Escribirnos v\u00eda WhatsApp<strong> 3122963759.<\/strong><\/p>\n<p>Puedes Cambiar, el color de rosas. (contando con las disponibilidad en el momento) En caso de que la rosa\u00a0no este disponible\u00a0en el momento\u00a0se le remplazara por otra, por el mismo valor.<\/p>\n<p><strong>HORARIO DE ATENCION:<\/strong>\u00a0Se estar\u00e1 atendiendo de lunes a s\u00e1bado de 8 am a 5:30 pm, Domingo y Festivos de 8:00 am a 3:30 pm. Los Tel\u00e9fonos y el Chat estar\u00e1n disponibles en hora laboral.<\/p>\n<p><strong>RECUERDA<\/strong>:\u00a0puedes realizar tu compra\u00a0durante las 24 Horas del d\u00eda de la semana en\u00a0Misflorescali.com.<\/p>\n<p><strong>DESPACHO:<\/strong>\u00a0Si tu producto, es para el mismo d\u00eda, Realiza tu pedido m\u00e1ximo con 2 horas de anticipaci\u00f3n.\u00a0Los\u00a0Domingos, Solo Se Despachara Los Perdidos Del D\u00eda Anterior.<\/p>\n<p>Para validar\u00a0tu compra, es necesario la Confirmaci\u00f3n de Pago.<\/p>\n<p><strong>Etiquetas<\/strong><\/p>\n<p>Arreglos Frutales, Cumplea\u00f1os, D\u00eda de la Madre, D\u00eda de la mujer, Grados, Recuperacion, San Valentin alameda cali, amor y amistad, Arreglo con frutas, arreglo floral para el dia de la madre, Arreglo Frutal, Arreglo para aniversario, cali, Cali florister\u00eda, floristeria alameda, Globo burbuja, mis flores cali, Plaza alameda florister\u00eda, Ramo con rosas rojas, ramo para regalar, servicio a domicilio<\/p>\n","protected":false},"featured_media":2457,"template":"","meta":{"site-sidebar-layout":"default","site-content-layout":"","ast-site-content-layout":"default","site-content-style":"default","site-sidebar-style":"default","ast-global-header-display":"","ast-banner-title-visibility":"","ast-main-header-display":"","ast-hfb-above-header-display":"","ast-hfb-below-header-display":"","ast-hfb-mobile-header-display":"","site-post-title":"","ast-breadcrumbs-content":"","ast-featured-img":"","footer-sml-layout":"","ast-disable-related-posts":"","theme-transparent-header-meta":"","adv-header-id-meta":"","stick-header-meta":"","header-above-stick-meta":"","header-main-stick-meta":"","header-below-stick-meta":"","astra-migrate-meta-layouts":"default","ast-page-background-enabled":"default","ast-page-background-meta":{"desktop":{"background-color":"var(--ast-global-color-4)","background-image":"","background-repeat":"repeat","background-position":"center center","background-size":"auto","background-attachment":"scroll","background-type":"","background-media":"","overlay-type":"","overlay-color":"","overlay-opacity":"","overlay-gradient":""},"tablet":{"background-color":"","background-image":"","background-repeat":"repeat","background-position":"center center","background-size":"auto","background-attachment":"scroll","background-type":"","background-media":"","overlay-type":"","overlay-color":"","overlay-opacity":"","overlay-gradient":""},"mobile":{"background-color":"","background-image":"","background-repeat":"repeat","background-position":"center center","background-size":"auto","background-attachment":"scroll","background-type":"","background-media":"","overlay-type":"","overlay-color":"","overlay-opacity":"","overlay-gradient":""}},"ast-content-background-meta":{"desktop":{"background-color":"var(--ast-global-color-5)","background-image":"","background-repeat":"repeat","background-position":"center center","background-size":"auto","background-attachment":"scroll","background-type":"","background-media":"","overlay-type":"","overlay-color":"","overlay-opacity":"","overlay-gradient":""},"tablet":{"background-color":"var(--ast-global-color-5)","background-image":"","background-repeat":"repeat","background-position":"center center","background-size":"auto","background-attachment":"scroll","background-type":"","background-media":"","overlay-type":"","overlay-color":"","overlay-opacity":"","overlay-gradient":""},"mobile":{"background-color":"var(--ast-global-color-5)","background-image":"","background-repeat":"repeat","background-position":"center center","background-size":"auto","background-attachment":"scroll","background-type":"","background-media":"","overlay-type":"","overlay-color":"","overlay-opacity":"","overlay-gradient":""}},"_joinchat":[]},"product_brand":[],"product_cat":[566,596,51,607,35,36,20,18,28],"product_tag":[],"class_list":{"0":"post-2456","1":"product","2":"type-product","3":"status-publish","4":"has-post-thumbnail","6":"product_cat-arreglo-en-canasta","7":"product_cat-arreglo-en-canasta-arreglo-en-canasta","8":"product_cat-canasta-floral","9":"product_cat-centros-de-mesa-2","10":"product_cat-motivos","11":"product_cat-cumpleanos","12":"product_cat-arreglos","13":"product_cat-flores","14":"product_cat-ocasiones","15":"desktop-align-left","16":"tablet-align-left","17":"mobile-align-left","19":"first","20":"instock","21":"shipping-taxable","22":"purchasable","23":"product-type-simple"},"_links":{"self":[{"href":"https:\/\/www.misflorescali.com\/flores\/wp-json\/wp\/v2\/product\/2456","targetHints":{"allow":["GET"]}}],"collection":[{"href":"https:\/\/www.misflorescali.com\/flores\/wp-json\/wp\/v2\/product"}],"about":[{"href":"https:\/\/www.misflorescali.com\/flores\/wp-json\/wp\/v2\/types\/product"}],"wp:featuredmedia":[{"embeddable":true,"href":"https:\/\/www.misflorescali.com\/flores\/wp-json\/wp\/v2\/media\/2457"}],"wp:attachment":[{"href":"https:\/\/www.misflorescali.com\/flores\/wp-json\/wp\/v2\/media?parent=2456"}],"wp:term":[{"taxonomy":"product_brand","embeddable":true,"href":"https:\/\/www.misflorescali.com\/flores\/wp-json\/wp\/v2\/product_brand?post=2456"},{"taxonomy":"product_cat","embeddable":true,"href":"https:\/\/www.misflorescali.com\/flores\/wp-json\/wp\/v2\/product_cat?post=2456"},{"taxonomy":"product_tag","embeddable":true,"href":"https:\/\/www.misflorescali.com\/flores\/wp-json\/wp\/v2\/product_tag?post=2456"}],"curies":[{"name":"wp","href":"https:\/\/api.w.org\/{rel}","templated":true}]}}