{"id":2816,"date":"2022-06-02T21:23:34","date_gmt":"2022-06-02T21:23:34","guid":{"rendered":"https:\/\/www.misflorescali.com\/flores\/?post_type=product&#038;p=2816"},"modified":"2023-05-10T22:22:17","modified_gmt":"2023-05-10T22:22:17","slug":"caja-de-rosas-roses-ref908","status":"publish","type":"product","link":"https:\/\/www.misflorescali.com\/flores\/product\/caja-de-rosas-roses-ref908\/","title":{"rendered":"Caja De Rosas ROSES  Ref#908"},"content":{"rendered":"","protected":false},"excerpt":{"rendered":"<p><strong>Contiene:<\/strong><\/p>\n<p>Rosas rojas , Decoracion Con yute.<\/p>\n<p><strong>NOTA:<\/strong> Si Deseas Realizar Alg\u00fan cambio al color de tu detalle, o si quieres a\u00f1adir alg\u00fan globo u otro elemento puedes\u00a0Escribirnos v\u00eda WhatsApp <strong>3122963759<\/strong>.<\/p>\n<p>Puedes Cambiar, el color de rosas. (contando con las disponibilidad en el momento) En caso de que la rosa\u00a0no este disponible\u00a0en el momento\u00a0se le remplazara por otra, por el mismo valor.<\/p>\n<p><strong>HORARIO DE ATENCION:<\/strong>\u00a0Se estar\u00e1 atendiendo de lunes a s\u00e1bado de <strong>8 am a 5:30 pm, Domingo y Festivos de 8:00<\/strong> <strong>am a 3:30 pm<\/strong>. Los Tel\u00e9fonos y el Chat estar\u00e1n disponibles en hora laboral.<\/p>\n<p><strong>RECUERDA:<\/strong>\u00a0puedes realizar tu compra\u00a0durante las<strong> 24<\/strong> Horas del d\u00eda de la semana en\u00a0<strong>Misflorescali.com.<\/strong><\/p>\n<p><strong>DESPACHO:<\/strong> Si tu producto, es para el mismo d\u00eda, Realiza tu pedido m\u00e1ximo con 2 horas de anticipaci\u00f3n.\u00a0Los\u00a0Domingos, Solo Se Despachara Los Pedidos Del D\u00eda Anterior.<\/p>\n<p>Para validar\u00a0tu compra, es necesario la Confirmaci\u00f3n de Pago.<\/p>\n<p>&nbsp;<\/p>\n","protected":false},"featured_media":2818,"template":"","meta":{"site-sidebar-layout":"default","site-content-layout":"","ast-site-content-layout":"default","site-content-style":"default","site-sidebar-style":"default","ast-global-header-display":"","ast-banner-title-visibility":"","ast-main-header-display":"","ast-hfb-above-header-display":"","ast-hfb-below-header-display":"","ast-hfb-mobile-header-display":"","site-post-title":"","ast-breadcrumbs-content":"","ast-featured-img":"","footer-sml-layout":"","ast-disable-related-posts":"","theme-transparent-header-meta":"","adv-header-id-meta":"","stick-header-meta":"","header-above-stick-meta":"","header-main-stick-meta":"","header-below-stick-meta":"","astra-migrate-meta-layouts":"default","ast-page-background-enabled":"default","ast-page-background-meta":{"desktop":{"background-color":"var(--ast-global-color-4)","background-image":"","background-repeat":"repeat","background-position":"center center","background-size":"auto","background-attachment":"scroll","background-type":"","background-media":"","overlay-type":"","overlay-color":"","overlay-opacity":"","overlay-gradient":""},"tablet":{"background-color":"","background-image":"","background-repeat":"repeat","background-position":"center center","background-size":"auto","background-attachment":"scroll","background-type":"","background-media":"","overlay-type":"","overlay-color":"","overlay-opacity":"","overlay-gradient":""},"mobile":{"background-color":"","background-image":"","background-repeat":"repeat","background-position":"center center","background-size":"auto","background-attachment":"scroll","background-type":"","background-media":"","overlay-type":"","overlay-color":"","overlay-opacity":"","overlay-gradient":""}},"ast-content-background-meta":{"desktop":{"background-color":"var(--ast-global-color-5)","background-image":"","background-repeat":"repeat","background-position":"center center","background-size":"auto","background-attachment":"scroll","background-type":"","background-media":"","overlay-type":"","overlay-color":"","overlay-opacity":"","overlay-gradient":""},"tablet":{"background-color":"var(--ast-global-color-5)","background-image":"","background-repeat":"repeat","background-position":"center center","background-size":"auto","background-attachment":"scroll","background-type":"","background-media":"","overlay-type":"","overlay-color":"","overlay-opacity":"","overlay-gradient":""},"mobile":{"background-color":"var(--ast-global-color-5)","background-image":"","background-repeat":"repeat","background-position":"center center","background-size":"auto","background-attachment":"scroll","background-type":"","background-media":"","overlay-type":"","overlay-color":"","overlay-opacity":"","overlay-gradient":""}},"_joinchat":[]},"product_brand":[],"product_cat":[36,20,21,24,18,29,30,32,34],"product_tag":[105,274,255,189,359,88,245,41,46,54,795,168,320,82,144,579,527,658,49,788,568],"class_list":{"0":"post-2816","1":"product","2":"type-product","3":"status-publish","4":"has-post-thumbnail","6":"product_cat-cumpleanos","7":"product_cat-arreglos","8":"product_cat-arreglos-florales","9":"product_cat-cajas-con-flores","10":"product_cat-flores","11":"product_cat-san-valentin","12":"product_cat-dia-de-la-mujer","13":"product_cat-dia-de-la-madre","14":"product_cat-amor-y-amistad","15":"product_tag-amor-y-amistad","16":"product_tag-arreglo-con-frutas","17":"product_tag-arreglo-floral-para-el-dia-de-la-madre","18":"product_tag-arreglo-frutal","19":"product_tag-arreglo-para-aniversario","20":"product_tag-cali","21":"product_tag-cali-floristeria","22":"product_tag-cumpleanos","23":"product_tag-dia-de-la-madre","24":"product_tag-dia-de-la-mujer","25":"product_tag-etiquetas-arreglos-frutales","26":"product_tag-floristeria-alameda","27":"product_tag-globo-burbuja","28":"product_tag-grados","29":"product_tag-mis-flores-cali","30":"product_tag-plaza-alameda-floristeria","31":"product_tag-ramo-con-rosas-rojas","32":"product_tag-ramo-para-regalar","33":"product_tag-recuperacion","34":"product_tag-san-valentin-alameda-cali","35":"product_tag-servicio-a-domicilio","36":"desktop-align-left","37":"tablet-align-left","38":"mobile-align-left","40":"first","41":"instock","42":"shipping-taxable","43":"purchasable","44":"product-type-simple"},"_links":{"self":[{"href":"https:\/\/www.misflorescali.com\/flores\/wp-json\/wp\/v2\/product\/2816","targetHints":{"allow":["GET"]}}],"collection":[{"href":"https:\/\/www.misflorescali.com\/flores\/wp-json\/wp\/v2\/product"}],"about":[{"href":"https:\/\/www.misflorescali.com\/flores\/wp-json\/wp\/v2\/types\/product"}],"wp:featuredmedia":[{"embeddable":true,"href":"https:\/\/www.misflorescali.com\/flores\/wp-json\/wp\/v2\/media\/2818"}],"wp:attachment":[{"href":"https:\/\/www.misflorescali.com\/flores\/wp-json\/wp\/v2\/media?parent=2816"}],"wp:term":[{"taxonomy":"product_brand","embeddable":true,"href":"https:\/\/www.misflorescali.com\/flores\/wp-json\/wp\/v2\/product_brand?post=2816"},{"taxonomy":"product_cat","embeddable":true,"href":"https:\/\/www.misflorescali.com\/flores\/wp-json\/wp\/v2\/product_cat?post=2816"},{"taxonomy":"product_tag","embeddable":true,"href":"https:\/\/www.misflorescali.com\/flores\/wp-json\/wp\/v2\/product_tag?post=2816"}],"curies":[{"name":"wp","href":"https:\/\/api.w.org\/{rel}","templated":true}]}}