{"id":3152,"date":"2022-12-28T14:00:55","date_gmt":"2022-12-28T14:00:55","guid":{"rendered":"https:\/\/www.misflorescali.com\/flores\/?post_type=product&#038;p=3152"},"modified":"2023-05-08T14:28:53","modified_gmt":"2023-05-08T14:28:53","slug":"caja-de-rosas-mini-ref954","status":"publish","type":"product","link":"https:\/\/www.misflorescali.com\/flores\/product\/caja-de-rosas-mini-ref954\/","title":{"rendered":"Caja De Rosas Mini Ref#954"},"content":{"rendered":"","protected":false},"excerpt":{"rendered":"<p><strong>Contiene:\u00a0<\/strong><\/p>\n<p>Rosas rojas , follaje amarillo , tira de chocolates ferrero.<\/p>\n<p><strong>NOTA:<\/strong> Si Deseas Realizar Alg\u00fan cambio al color de tu detalle, o si quieres a\u00f1adir alg\u00fan globo u otro elemento puedes\u00a0Escribirnos <strong>v\u00eda WhatsApp 3122963759.<\/strong><\/p>\n<p>Puedes Cambiar, el color de rosas. (contando con las disponibilidad en el momento) En caso de que la rosa\u00a0no este disponible\u00a0en el momento\u00a0se le remplazara por otra, por el mismo valor.<\/p>\n<p><strong>HORARIO DE ATENCION:<\/strong>\u00a0Se estar\u00e1 atendiendo de lunes a s\u00e1bado de <strong>8 am a 5:30 pm, Domingo y Festivos de 8:00<\/strong> <strong>am a 3:30 pm.<\/strong> Los Tel\u00e9fonos y el Chat estar\u00e1n disponibles en hora laboral.<\/p>\n<p><strong>RECUERDA:\u00a0<\/strong>puedes realizar tu compra\u00a0durante las <strong>24<\/strong> Horas del d\u00eda de la semana en\u00a0<strong>Misflorescali.com.<\/strong><\/p>\n<p><strong>DESPACHO:<\/strong>\u00a0Si tu producto, es para el mismo d\u00eda, Realiza tu pedido m\u00e1ximo con 2 horas de anticipaci\u00f3n.\u00a0Los\u00a0Domingos, Solo Se Despachara Los Perdidos Del D\u00eda Anterior.<\/p>\n<p>Para validar\u00a0tu compra, es necesario la Confirmaci\u00f3n de Pago.<\/p>\n<p>&nbsp;<\/p>\n","protected":false},"featured_media":3153,"template":"","meta":{"site-sidebar-layout":"default","site-content-layout":"","ast-site-content-layout":"default","site-content-style":"default","site-sidebar-style":"default","ast-global-header-display":"","ast-banner-title-visibility":"","ast-main-header-display":"","ast-hfb-above-header-display":"","ast-hfb-below-header-display":"","ast-hfb-mobile-header-display":"","site-post-title":"","ast-breadcrumbs-content":"","ast-featured-img":"","footer-sml-layout":"","ast-disable-related-posts":"","theme-transparent-header-meta":"","adv-header-id-meta":"","stick-header-meta":"","header-above-stick-meta":"","header-main-stick-meta":"","header-below-stick-meta":"","astra-migrate-meta-layouts":"default","ast-page-background-enabled":"default","ast-page-background-meta":{"desktop":{"background-color":"var(--ast-global-color-4)","background-image":"","background-repeat":"repeat","background-position":"center center","background-size":"auto","background-attachment":"scroll","background-type":"","background-media":"","overlay-type":"","overlay-color":"","overlay-opacity":"","overlay-gradient":""},"tablet":{"background-color":"","background-image":"","background-repeat":"repeat","background-position":"center center","background-size":"auto","background-attachment":"scroll","background-type":"","background-media":"","overlay-type":"","overlay-color":"","overlay-opacity":"","overlay-gradient":""},"mobile":{"background-color":"","background-image":"","background-repeat":"repeat","background-position":"center center","background-size":"auto","background-attachment":"scroll","background-type":"","background-media":"","overlay-type":"","overlay-color":"","overlay-opacity":"","overlay-gradient":""}},"ast-content-background-meta":{"desktop":{"background-color":"var(--ast-global-color-5)","background-image":"","background-repeat":"repeat","background-position":"center center","background-size":"auto","background-attachment":"scroll","background-type":"","background-media":"","overlay-type":"","overlay-color":"","overlay-opacity":"","overlay-gradient":""},"tablet":{"background-color":"var(--ast-global-color-5)","background-image":"","background-repeat":"repeat","background-position":"center center","background-size":"auto","background-attachment":"scroll","background-type":"","background-media":"","overlay-type":"","overlay-color":"","overlay-opacity":"","overlay-gradient":""},"mobile":{"background-color":"var(--ast-global-color-5)","background-image":"","background-repeat":"repeat","background-position":"center center","background-size":"auto","background-attachment":"scroll","background-type":"","background-media":"","overlay-type":"","overlay-color":"","overlay-opacity":"","overlay-gradient":""}},"_joinchat":[]},"product_brand":[],"product_cat":[24],"product_tag":[105,274,255,189,359,88,245,41,46,54,795,168,320,82,144,579,527,658,49,788,568],"class_list":{"0":"post-3152","1":"product","2":"type-product","3":"status-publish","4":"has-post-thumbnail","6":"product_cat-cajas-con-flores","7":"product_tag-amor-y-amistad","8":"product_tag-arreglo-con-frutas","9":"product_tag-arreglo-floral-para-el-dia-de-la-madre","10":"product_tag-arreglo-frutal","11":"product_tag-arreglo-para-aniversario","12":"product_tag-cali","13":"product_tag-cali-floristeria","14":"product_tag-cumpleanos","15":"product_tag-dia-de-la-madre","16":"product_tag-dia-de-la-mujer","17":"product_tag-etiquetas-arreglos-frutales","18":"product_tag-floristeria-alameda","19":"product_tag-globo-burbuja","20":"product_tag-grados","21":"product_tag-mis-flores-cali","22":"product_tag-plaza-alameda-floristeria","23":"product_tag-ramo-con-rosas-rojas","24":"product_tag-ramo-para-regalar","25":"product_tag-recuperacion","26":"product_tag-san-valentin-alameda-cali","27":"product_tag-servicio-a-domicilio","28":"desktop-align-left","29":"tablet-align-left","30":"mobile-align-left","32":"first","33":"instock","34":"shipping-taxable","35":"purchasable","36":"product-type-simple"},"_links":{"self":[{"href":"https:\/\/www.misflorescali.com\/flores\/wp-json\/wp\/v2\/product\/3152","targetHints":{"allow":["GET"]}}],"collection":[{"href":"https:\/\/www.misflorescali.com\/flores\/wp-json\/wp\/v2\/product"}],"about":[{"href":"https:\/\/www.misflorescali.com\/flores\/wp-json\/wp\/v2\/types\/product"}],"wp:featuredmedia":[{"embeddable":true,"href":"https:\/\/www.misflorescali.com\/flores\/wp-json\/wp\/v2\/media\/3153"}],"wp:attachment":[{"href":"https:\/\/www.misflorescali.com\/flores\/wp-json\/wp\/v2\/media?parent=3152"}],"wp:term":[{"taxonomy":"product_brand","embeddable":true,"href":"https:\/\/www.misflorescali.com\/flores\/wp-json\/wp\/v2\/product_brand?post=3152"},{"taxonomy":"product_cat","embeddable":true,"href":"https:\/\/www.misflorescali.com\/flores\/wp-json\/wp\/v2\/product_cat?post=3152"},{"taxonomy":"product_tag","embeddable":true,"href":"https:\/\/www.misflorescali.com\/flores\/wp-json\/wp\/v2\/product_tag?post=3152"}],"curies":[{"name":"wp","href":"https:\/\/api.w.org\/{rel}","templated":true}]}}