{"id":4035,"date":"2024-12-03T22:25:21","date_gmt":"2024-12-03T22:25:21","guid":{"rendered":"https:\/\/www.misflorescali.com\/flores\/?post_type=product&#038;p=4035"},"modified":"2024-12-13T22:21:41","modified_gmt":"2024-12-13T22:21:41","slug":"corona-navidena-en-pino","status":"publish","type":"product","link":"https:\/\/www.misflorescali.com\/flores\/product\/corona-navidena-en-pino\/","title":{"rendered":"Corona Navide\u00f1a En Pino"},"content":{"rendered":"<p>NOTA: Si Deseas Realizar Alg\u00fan cambio , o si quieres a\u00f1adir alg\u00fan\u00a0 elemento puedes Escribirnos v\u00eda WhatsApp 3122963759.<\/p>\n<p>HORARIO DE ATENCION:\u00a0Se estar\u00e1 atendiendo de lunes a s\u00e1bado de 8 am a 5:30 pm, Domingo y Festivos de 8:00 am a 3:30 pm. Los Tel\u00e9fonos y el Chat estar\u00e1n disponibles en hora laboral.<\/p>\n<p>RECUERDA:\u00a0puedes realizar tu compra\u00a0durante las 24 Horas del d\u00eda de la semana en\u00a0Misflorescali.com.<\/p>\n<p>DESPACHO: Si tu producto, es para el mismo d\u00eda, Realiza tu pedido m\u00e1ximo con 2 horas de anticipaci\u00f3n. Los Domingos, Solo Se Despachar\u00e1n Los Pedidos Del D\u00eda Anterior.<\/p>\n<p>Para validar\u00a0tu compra, es necesario la Confirmaci\u00f3n de Pago.<\/p>\n","protected":false},"excerpt":{"rendered":"<p>Contiene : Corona en pino y 5 pi\u00f1as silvestres<\/p>\n<p>se puede a\u00f1adir alg\u00fan adorno navide\u00f1o proporcionado\u00a0 por el cliente<\/p>\n<p>si desea que Mis Flores Cali a\u00f1ada un adorno , tendr\u00e1 un valor adicional acordado por el asesor de ventas\u00a0 y el cliente<\/p>\n","protected":false},"featured_media":4036,"template":"","meta":{"site-sidebar-layout":"default","site-content-layout":"","ast-site-content-layout":"default","site-content-style":"default","site-sidebar-style":"default","ast-global-header-display":"","ast-banner-title-visibility":"","ast-main-header-display":"","ast-hfb-above-header-display":"","ast-hfb-below-header-display":"","ast-hfb-mobile-header-display":"","site-post-title":"","ast-breadcrumbs-content":"","ast-featured-img":"","footer-sml-layout":"","ast-disable-related-posts":"","theme-transparent-header-meta":"","adv-header-id-meta":"","stick-header-meta":"","header-above-stick-meta":"","header-main-stick-meta":"","header-below-stick-meta":"","astra-migrate-meta-layouts":"default","ast-page-background-enabled":"default","ast-page-background-meta":{"desktop":{"background-color":"var(--ast-global-color-4)","background-image":"","background-repeat":"repeat","background-position":"center center","background-size":"auto","background-attachment":"scroll","background-type":"","background-media":"","overlay-type":"","overlay-color":"","overlay-opacity":"","overlay-gradient":""},"tablet":{"background-color":"","background-image":"","background-repeat":"repeat","background-position":"center center","background-size":"auto","background-attachment":"scroll","background-type":"","background-media":"","overlay-type":"","overlay-color":"","overlay-opacity":"","overlay-gradient":""},"mobile":{"background-color":"","background-image":"","background-repeat":"repeat","background-position":"center center","background-size":"auto","background-attachment":"scroll","background-type":"","background-media":"","overlay-type":"","overlay-color":"","overlay-opacity":"","overlay-gradient":""}},"ast-content-background-meta":{"desktop":{"background-color":"var(--ast-global-color-5)","background-image":"","background-repeat":"repeat","background-position":"center center","background-size":"auto","background-attachment":"scroll","background-type":"","background-media":"","overlay-type":"","overlay-color":"","overlay-opacity":"","overlay-gradient":""},"tablet":{"background-color":"var(--ast-global-color-5)","background-image":"","background-repeat":"repeat","background-position":"center center","background-size":"auto","background-attachment":"scroll","background-type":"","background-media":"","overlay-type":"","overlay-color":"","overlay-opacity":"","overlay-gradient":""},"mobile":{"background-color":"var(--ast-global-color-5)","background-image":"","background-repeat":"repeat","background-position":"center center","background-size":"auto","background-attachment":"scroll","background-type":"","background-media":"","overlay-type":"","overlay-color":"","overlay-opacity":"","overlay-gradient":""}},"_joinchat":[]},"product_brand":[],"product_cat":[85,27],"product_tag":[941,942,940,938,943,944,939],"class_list":{"0":"post-4035","1":"product","2":"type-product","3":"status-publish","4":"has-post-thumbnail","6":"product_cat-navidad","7":"product_cat-decoraciones","8":"product_tag-corona-de-navidad","9":"product_tag-corona-de-navidad-en-pino","10":"product_tag-corona-decorativo-en-pino","11":"product_tag-corona-en-pino","12":"product_tag-corona-en-pino-decoracion-navidena","13":"product_tag-corona-en-pino-para-diciembre","14":"product_tag-corona-navidena-en-pino","15":"desktop-align-left","16":"tablet-align-left","17":"mobile-align-left","19":"first","20":"instock","21":"sale","22":"shipping-taxable","23":"purchasable","24":"product-type-simple"},"_links":{"self":[{"href":"https:\/\/www.misflorescali.com\/flores\/wp-json\/wp\/v2\/product\/4035","targetHints":{"allow":["GET"]}}],"collection":[{"href":"https:\/\/www.misflorescali.com\/flores\/wp-json\/wp\/v2\/product"}],"about":[{"href":"https:\/\/www.misflorescali.com\/flores\/wp-json\/wp\/v2\/types\/product"}],"wp:featuredmedia":[{"embeddable":true,"href":"https:\/\/www.misflorescali.com\/flores\/wp-json\/wp\/v2\/media\/4036"}],"wp:attachment":[{"href":"https:\/\/www.misflorescali.com\/flores\/wp-json\/wp\/v2\/media?parent=4035"}],"wp:term":[{"taxonomy":"product_brand","embeddable":true,"href":"https:\/\/www.misflorescali.com\/flores\/wp-json\/wp\/v2\/product_brand?post=4035"},{"taxonomy":"product_cat","embeddable":true,"href":"https:\/\/www.misflorescali.com\/flores\/wp-json\/wp\/v2\/product_cat?post=4035"},{"taxonomy":"product_tag","embeddable":true,"href":"https:\/\/www.misflorescali.com\/flores\/wp-json\/wp\/v2\/product_tag?post=4035"}],"curies":[{"name":"wp","href":"https:\/\/api.w.org\/{rel}","templated":true}]}}