{"id":4868,"date":"2025-11-07T20:44:58","date_gmt":"2025-11-07T20:44:58","guid":{"rendered":"https:\/\/www.misflorescali.com\/flores\/?post_type=product&#038;p=4868"},"modified":"2025-11-07T20:44:59","modified_gmt":"2025-11-07T20:44:59","slug":"caja-corazon-con-rosas-y-chocolates","status":"publish","type":"product","link":"https:\/\/www.misflorescali.com\/flores\/product\/caja-corazon-con-rosas-y-chocolates\/","title":{"rendered":"Caja Coraz\u00f3n Con Rosas y Chocolates"},"content":{"rendered":"<p>HORARIO DE ATENCION: Se estar\u00e1 atendiendo de lunes a s\u00e1bado de 8 am a 5:30 pm, Domingo y Festivos de 8:00 am a 3:30 pm. Los Tel\u00e9fonos y el Chat estar\u00e1n disponibles en hora laboral.<br \/>\nNOTA: Si Deseas Realizar Alg\u00fan cambio al color de tu detalle, o si quieres a\u00f1adir alg\u00fan globo u otro elemento puedes Escribirnos v\u00eda WhatsApp 3122963759.<\/p>\n<p>Puedes Cambiar, el color de rosas. (contando con las disponibilidad en el momento)<\/p>\n<p>RECUERDA: puedes realizar tu compra durante las 24 Horas del d\u00eda de la semana en Misflorescali.com.<\/p>\n<p>DESPACHO: Si tu producto, es para el mismo d\u00eda, Realiza tu pedido m\u00e1ximo con 2 horas de anticipaci\u00f3n. Los Domingos, Solo Se Despachara Los Pedidos Del D\u00eda Anterior Para validar tu compra, es necesario la Confirmaci\u00f3n de Pago.<\/p>\n","protected":false},"excerpt":{"rendered":"<p>Contiene:\u00a0 Caja de lujo en forma de coraz\u00f3n , rosas amarillas,\u00a0 blancas, aproximadamente 40 unidades, cinta mo\u00f1o , chocolates ferrero x 8 unidades y tarjeta.<\/p>\n","protected":false},"featured_media":4869,"template":"","meta":{"site-sidebar-layout":"default","site-content-layout":"","ast-site-content-layout":"default","site-content-style":"default","site-sidebar-style":"default","ast-global-header-display":"","ast-banner-title-visibility":"","ast-main-header-display":"","ast-hfb-above-header-display":"","ast-hfb-below-header-display":"","ast-hfb-mobile-header-display":"","site-post-title":"","ast-breadcrumbs-content":"","ast-featured-img":"","footer-sml-layout":"","ast-disable-related-posts":"","theme-transparent-header-meta":"","adv-header-id-meta":"","stick-header-meta":"","header-above-stick-meta":"","header-main-stick-meta":"","header-below-stick-meta":"","astra-migrate-meta-layouts":"default","ast-page-background-enabled":"default","ast-page-background-meta":{"desktop":{"background-color":"var(--ast-global-color-4)","background-image":"","background-repeat":"repeat","background-position":"center center","background-size":"auto","background-attachment":"scroll","background-type":"","background-media":"","overlay-type":"","overlay-color":"","overlay-opacity":"","overlay-gradient":""},"tablet":{"background-color":"","background-image":"","background-repeat":"repeat","background-position":"center center","background-size":"auto","background-attachment":"scroll","background-type":"","background-media":"","overlay-type":"","overlay-color":"","overlay-opacity":"","overlay-gradient":""},"mobile":{"background-color":"","background-image":"","background-repeat":"repeat","background-position":"center center","background-size":"auto","background-attachment":"scroll","background-type":"","background-media":"","overlay-type":"","overlay-color":"","overlay-opacity":"","overlay-gradient":""}},"ast-content-background-meta":{"desktop":{"background-color":"var(--ast-global-color-5)","background-image":"","background-repeat":"repeat","background-position":"center center","background-size":"auto","background-attachment":"scroll","background-type":"","background-media":"","overlay-type":"","overlay-color":"","overlay-opacity":"","overlay-gradient":""},"tablet":{"background-color":"var(--ast-global-color-5)","background-image":"","background-repeat":"repeat","background-position":"center center","background-size":"auto","background-attachment":"scroll","background-type":"","background-media":"","overlay-type":"","overlay-color":"","overlay-opacity":"","overlay-gradient":""},"mobile":{"background-color":"var(--ast-global-color-5)","background-image":"","background-repeat":"repeat","background-position":"center center","background-size":"auto","background-attachment":"scroll","background-type":"","background-media":"","overlay-type":"","overlay-color":"","overlay-opacity":"","overlay-gradient":""}},"_joinchat":[]},"product_brand":[],"product_cat":[857,48,36,37,38,40,24,18,29,30,31,32,33,34],"product_tag":[391,184,251,1507,1509,783,1511,1508,1510,899,1185],"class_list":{"0":"post-4868","1":"product","2":"type-product","3":"status-publish","4":"has-post-thumbnail","6":"product_cat-flores-amarillas","7":"product_cat-recuperacion","8":"product_cat-cumpleanos","9":"product_cat-aniversario","10":"product_cat-nacimiento","11":"product_cat-grados","12":"product_cat-cajas-con-flores","13":"product_cat-flores","14":"product_cat-san-valentin","15":"product_cat-dia-de-la-mujer","16":"product_cat-dia-de-la-secretaria","17":"product_cat-dia-de-la-madre","18":"product_cat-dia-del-padre","19":"product_cat-amor-y-amistad","20":"product_tag-arreglo-con-rosas-amarillas","21":"product_tag-arreglo-con-rosas-blancas","22":"product_tag-arreglo-floral-con-rosas-amarillas","23":"product_tag-arreglo-floral-en-caja","24":"product_tag-arreglo-flores-amarillas-y-ferrero","25":"product_tag-caja-con-rosas","26":"product_tag-caja-con-rosas-amarillas-y-chcolates","27":"product_tag-chocolates-y-rosas","28":"product_tag-rosas-amarillas-en-caja-con-chocolates","29":"product_tag-rosas-en-caja","30":"product_tag-rosas-y-chocolates","31":"desktop-align-left","32":"tablet-align-left","33":"mobile-align-left","35":"first","36":"instock","37":"sale","38":"shipping-taxable","39":"purchasable","40":"product-type-simple"},"_links":{"self":[{"href":"https:\/\/www.misflorescali.com\/flores\/wp-json\/wp\/v2\/product\/4868","targetHints":{"allow":["GET"]}}],"collection":[{"href":"https:\/\/www.misflorescali.com\/flores\/wp-json\/wp\/v2\/product"}],"about":[{"href":"https:\/\/www.misflorescali.com\/flores\/wp-json\/wp\/v2\/types\/product"}],"wp:featuredmedia":[{"embeddable":true,"href":"https:\/\/www.misflorescali.com\/flores\/wp-json\/wp\/v2\/media\/4869"}],"wp:attachment":[{"href":"https:\/\/www.misflorescali.com\/flores\/wp-json\/wp\/v2\/media?parent=4868"}],"wp:term":[{"taxonomy":"product_brand","embeddable":true,"href":"https:\/\/www.misflorescali.com\/flores\/wp-json\/wp\/v2\/product_brand?post=4868"},{"taxonomy":"product_cat","embeddable":true,"href":"https:\/\/www.misflorescali.com\/flores\/wp-json\/wp\/v2\/product_cat?post=4868"},{"taxonomy":"product_tag","embeddable":true,"href":"https:\/\/www.misflorescali.com\/flores\/wp-json\/wp\/v2\/product_tag?post=4868"}],"curies":[{"name":"wp","href":"https:\/\/api.w.org\/{rel}","templated":true}]}}