{"id":4928,"date":"2025-11-14T21:05:15","date_gmt":"2025-11-14T21:05:15","guid":{"rendered":"https:\/\/www.misflorescali.com\/flores\/?post_type=product&#038;p=4928"},"modified":"2025-11-14T21:05:22","modified_gmt":"2025-11-14T21:05:22","slug":"jarron-con-rosas-amarillas","status":"publish","type":"product","link":"https:\/\/www.misflorescali.com\/flores\/product\/jarron-con-rosas-amarillas\/","title":{"rendered":"Jarr\u00f3n Con Rosas Amarillas"},"content":{"rendered":"<p>NOTA: Si Deseas Realizar Alg\u00fan cambio al color de tu detalle, o si quieres a\u00f1adir alg\u00fan globo u otro elemento puedes Escribirnos v\u00eda WhatsApp 3122963759.<\/p>\n<p>Puedes Cambiar, el color de rosas. (contando con las disponibilidad en el momento)<\/p>\n<p>HORARIO DE ATENCION:\u00a0Se estar\u00e1 atendiendo de lunes a s\u00e1bado de 8 am a 5:30 pm, Domingo y Festivos de 8:00 am a 3:30 pm. Los Tel\u00e9fonos y el Chat estar\u00e1n disponibles en hora laboral.<\/p>\n<p>RECUERDA:\u00a0puedes realizar tu compra\u00a0durante las 24 Horas del d\u00eda de la semana en\u00a0Misflorescali.com.<\/p>\n<p>DESPACHO:\u00a0Si tu producto, es para el mismo d\u00eda, Realiza tu pedido m\u00e1ximo con 2 horas de anticipaci\u00f3n.\u00a0Los\u00a0Domingos, Solo Se Despachara Los Perdidos Del D\u00eda Anterior.<\/p>\n<p>Para validar tu compra, es necesario la Confirmaci\u00f3n de Pago.<\/p>\n","protected":false},"excerpt":{"rendered":"<p>Contiene: Jarr\u00f3n de cristal, 24 rosas amarillas, perla , coculo y tarjeta.<\/p>\n<p>&nbsp;<\/p>\n","protected":false},"featured_media":4914,"template":"","meta":{"site-sidebar-layout":"default","site-content-layout":"","ast-site-content-layout":"default","site-content-style":"default","site-sidebar-style":"default","ast-global-header-display":"","ast-banner-title-visibility":"","ast-main-header-display":"","ast-hfb-above-header-display":"","ast-hfb-below-header-display":"","ast-hfb-mobile-header-display":"","site-post-title":"","ast-breadcrumbs-content":"","ast-featured-img":"","footer-sml-layout":"","ast-disable-related-posts":"","theme-transparent-header-meta":"","adv-header-id-meta":"","stick-header-meta":"","header-above-stick-meta":"","header-main-stick-meta":"","header-below-stick-meta":"","astra-migrate-meta-layouts":"default","ast-page-background-enabled":"default","ast-page-background-meta":{"desktop":{"background-color":"var(--ast-global-color-4)","background-image":"","background-repeat":"repeat","background-position":"center center","background-size":"auto","background-attachment":"scroll","background-type":"","background-media":"","overlay-type":"","overlay-color":"","overlay-opacity":"","overlay-gradient":""},"tablet":{"background-color":"","background-image":"","background-repeat":"repeat","background-position":"center center","background-size":"auto","background-attachment":"scroll","background-type":"","background-media":"","overlay-type":"","overlay-color":"","overlay-opacity":"","overlay-gradient":""},"mobile":{"background-color":"","background-image":"","background-repeat":"repeat","background-position":"center center","background-size":"auto","background-attachment":"scroll","background-type":"","background-media":"","overlay-type":"","overlay-color":"","overlay-opacity":"","overlay-gradient":""}},"ast-content-background-meta":{"desktop":{"background-color":"var(--ast-global-color-5)","background-image":"","background-repeat":"repeat","background-position":"center center","background-size":"auto","background-attachment":"scroll","background-type":"","background-media":"","overlay-type":"","overlay-color":"","overlay-opacity":"","overlay-gradient":""},"tablet":{"background-color":"var(--ast-global-color-5)","background-image":"","background-repeat":"repeat","background-position":"center center","background-size":"auto","background-attachment":"scroll","background-type":"","background-media":"","overlay-type":"","overlay-color":"","overlay-opacity":"","overlay-gradient":""},"mobile":{"background-color":"var(--ast-global-color-5)","background-image":"","background-repeat":"repeat","background-position":"center center","background-size":"auto","background-attachment":"scroll","background-type":"","background-media":"","overlay-type":"","overlay-color":"","overlay-opacity":"","overlay-gradient":""}},"_joinchat":[]},"product_brand":[],"product_cat":[607,857,48,36,37,38,40,26,18,31],"product_tag":[1377,298,755,1327,1456,175,442,1545,933,1546],"class_list":{"0":"post-4928","1":"product","2":"type-product","3":"status-publish","4":"has-post-thumbnail","6":"product_cat-centros-de-mesa-2","7":"product_cat-flores-amarillas","8":"product_cat-recuperacion","9":"product_cat-cumpleanos","10":"product_cat-aniversario","11":"product_cat-nacimiento","12":"product_cat-grados","13":"product_cat-jarrones","14":"product_cat-flores","15":"product_cat-dia-de-la-secretaria","16":"product_tag-arreglo-con-rosas-en-jarron","17":"product_tag-arreglo-en-jarron-con-rosas-amarillas","18":"product_tag-arreglo-floral-en-jarron","19":"product_tag-arreglo-rosas-en-jarron","20":"product_tag-flores-en-jarron","21":"product_tag-jarron","22":"product_tag-jarron-con-rosas","23":"product_tag-jarron-de-rosas","24":"product_tag-jarrones-con-rosas","25":"product_tag-rosas-y-perla-en-jarron","26":"desktop-align-left","27":"tablet-align-left","28":"mobile-align-left","30":"first","31":"instock","32":"shipping-taxable","33":"purchasable","34":"product-type-simple"},"_links":{"self":[{"href":"https:\/\/www.misflorescali.com\/flores\/wp-json\/wp\/v2\/product\/4928","targetHints":{"allow":["GET"]}}],"collection":[{"href":"https:\/\/www.misflorescali.com\/flores\/wp-json\/wp\/v2\/product"}],"about":[{"href":"https:\/\/www.misflorescali.com\/flores\/wp-json\/wp\/v2\/types\/product"}],"wp:featuredmedia":[{"embeddable":true,"href":"https:\/\/www.misflorescali.com\/flores\/wp-json\/wp\/v2\/media\/4914"}],"wp:attachment":[{"href":"https:\/\/www.misflorescali.com\/flores\/wp-json\/wp\/v2\/media?parent=4928"}],"wp:term":[{"taxonomy":"product_brand","embeddable":true,"href":"https:\/\/www.misflorescali.com\/flores\/wp-json\/wp\/v2\/product_brand?post=4928"},{"taxonomy":"product_cat","embeddable":true,"href":"https:\/\/www.misflorescali.com\/flores\/wp-json\/wp\/v2\/product_cat?post=4928"},{"taxonomy":"product_tag","embeddable":true,"href":"https:\/\/www.misflorescali.com\/flores\/wp-json\/wp\/v2\/product_tag?post=4928"}],"curies":[{"name":"wp","href":"https:\/\/api.w.org\/{rel}","templated":true}]}}