{"id":5087,"date":"2025-12-09T21:19:08","date_gmt":"2025-12-09T21:19:08","guid":{"rendered":"https:\/\/www.misflorescali.com\/flores\/?post_type=product&#038;p=5087"},"modified":"2025-12-09T21:19:09","modified_gmt":"2025-12-09T21:19:09","slug":"arreglo-floral-con-rosas-y-gladiolos","status":"publish","type":"product","link":"https:\/\/www.misflorescali.com\/flores\/product\/arreglo-floral-con-rosas-y-gladiolos\/","title":{"rendered":"Arreglo Floral Con Rosas Y Gladiolos"},"content":{"rendered":"<p>NOTA: Si Deseas Realizar Alg\u00fan cambio al color de tu detalle, o si quieres a\u00f1adir alg\u00fan globo u otro elemento puedes Escribirnos v\u00eda WhatsApp 312296iar, el color de rosas. (contando con las disponibilidad en el momento)<\/p>\n<p>HORARIO DE ATENCION:\u00a0Se estar\u00e1 atendiendo de lunes a s\u00e1bado de 8 am a 5:30 pm, Domingo y Festivos de 8:00 am a 3:30 pm. Los Tel\u00e9fonos y el Chat estar\u00e1n disponibles en hora laboral.<\/p>\n<p>RECUERDA:\u00a0puedes realizar tu compra\u00a0durante las 24 Horas del d\u00eda de la semana en\u00a0Misflorescali.com.<\/p>\n<p>DESPACHO:\u00a0Si tu producto, es para el mismo d\u00eda, Realiza tu pedido m\u00e1ximo con 2 horas de anticipaci\u00f3n.\u00a0Los\u00a0Domingos, Solo Se Despachara Los Pedidos Del D\u00eda Anterior.<\/p>\n<p>Para validar tu compra, es necesario la Confirmaci\u00f3n de Pago.<\/p>\n","protected":false},"excerpt":{"rendered":"<p>Contiene; Base de madera, rosas, gladiolos, lirios, variedad en follajes verdes, y tarjeta.<\/p>\n","protected":false},"featured_media":5088,"template":"","meta":{"site-sidebar-layout":"default","site-content-layout":"","ast-site-content-layout":"default","site-content-style":"default","site-sidebar-style":"default","ast-global-header-display":"","ast-banner-title-visibility":"","ast-main-header-display":"","ast-hfb-above-header-display":"","ast-hfb-below-header-display":"","ast-hfb-mobile-header-display":"","site-post-title":"","ast-breadcrumbs-content":"","ast-featured-img":"","footer-sml-layout":"","ast-disable-related-posts":"","theme-transparent-header-meta":"","adv-header-id-meta":"","stick-header-meta":"","header-above-stick-meta":"","header-main-stick-meta":"","header-below-stick-meta":"","astra-migrate-meta-layouts":"default","ast-page-background-enabled":"default","ast-page-background-meta":{"desktop":{"background-color":"var(--ast-global-color-4)","background-image":"","background-repeat":"repeat","background-position":"center center","background-size":"auto","background-attachment":"scroll","background-type":"","background-media":"","overlay-type":"","overlay-color":"","overlay-opacity":"","overlay-gradient":""},"tablet":{"background-color":"","background-image":"","background-repeat":"repeat","background-position":"center center","background-size":"auto","background-attachment":"scroll","background-type":"","background-media":"","overlay-type":"","overlay-color":"","overlay-opacity":"","overlay-gradient":""},"mobile":{"background-color":"","background-image":"","background-repeat":"repeat","background-position":"center center","background-size":"auto","background-attachment":"scroll","background-type":"","background-media":"","overlay-type":"","overlay-color":"","overlay-opacity":"","overlay-gradient":""}},"ast-content-background-meta":{"desktop":{"background-color":"var(--ast-global-color-5)","background-image":"","background-repeat":"repeat","background-position":"center center","background-size":"auto","background-attachment":"scroll","background-type":"","background-media":"","overlay-type":"","overlay-color":"","overlay-opacity":"","overlay-gradient":""},"tablet":{"background-color":"var(--ast-global-color-5)","background-image":"","background-repeat":"repeat","background-position":"center center","background-size":"auto","background-attachment":"scroll","background-type":"","background-media":"","overlay-type":"","overlay-color":"","overlay-opacity":"","overlay-gradient":""},"mobile":{"background-color":"var(--ast-global-color-5)","background-image":"","background-repeat":"repeat","background-position":"center center","background-size":"auto","background-attachment":"scroll","background-type":"","background-media":"","overlay-type":"","overlay-color":"","overlay-opacity":"","overlay-gradient":""}},"_joinchat":[]},"product_brand":[],"product_cat":[36,38,40,20,21,24,27,18,19,29,30,31,32,34],"product_tag":[1277,1211,256,1244,69,478,1388,1109,1660,1615],"class_list":{"0":"post-5087","1":"product","2":"type-product","3":"status-publish","4":"has-post-thumbnail","6":"product_cat-cumpleanos","7":"product_cat-nacimiento","8":"product_cat-grados","9":"product_cat-arreglos","10":"product_cat-arreglos-florales","11":"product_cat-cajas-con-flores","12":"product_cat-decoraciones","13":"product_cat-flores","14":"product_cat-flores-varias","15":"product_cat-san-valentin","16":"product_cat-dia-de-la-mujer","17":"product_cat-dia-de-la-secretaria","18":"product_cat-dia-de-la-madre","19":"product_cat-amor-y-amistad","20":"product_tag-arreglo","21":"product_tag-arreglo-a-domicilio","22":"product_tag-arreglo-con-rosas-rosadas","23":"product_tag-arreglo-con-rosas-y-lirios","24":"product_tag-arreglo-floral","25":"product_tag-arreglo-floral-con-base","26":"product_tag-arreglo-floral-con-gladiolos","27":"product_tag-arreglo-floral-con-lirios","28":"product_tag-rosas-lirios-y-gladiolos-en-arreglo","29":"product_tag-rosas-y-gladiolos","30":"desktop-align-left","31":"tablet-align-left","32":"mobile-align-left","34":"first","35":"instock","36":"shipping-taxable","37":"purchasable","38":"product-type-simple"},"_links":{"self":[{"href":"https:\/\/www.misflorescali.com\/flores\/wp-json\/wp\/v2\/product\/5087","targetHints":{"allow":["GET"]}}],"collection":[{"href":"https:\/\/www.misflorescali.com\/flores\/wp-json\/wp\/v2\/product"}],"about":[{"href":"https:\/\/www.misflorescali.com\/flores\/wp-json\/wp\/v2\/types\/product"}],"wp:featuredmedia":[{"embeddable":true,"href":"https:\/\/www.misflorescali.com\/flores\/wp-json\/wp\/v2\/media\/5088"}],"wp:attachment":[{"href":"https:\/\/www.misflorescali.com\/flores\/wp-json\/wp\/v2\/media?parent=5087"}],"wp:term":[{"taxonomy":"product_brand","embeddable":true,"href":"https:\/\/www.misflorescali.com\/flores\/wp-json\/wp\/v2\/product_brand?post=5087"},{"taxonomy":"product_cat","embeddable":true,"href":"https:\/\/www.misflorescali.com\/flores\/wp-json\/wp\/v2\/product_cat?post=5087"},{"taxonomy":"product_tag","embeddable":true,"href":"https:\/\/www.misflorescali.com\/flores\/wp-json\/wp\/v2\/product_tag?post=5087"}],"curies":[{"name":"wp","href":"https:\/\/api.w.org\/{rel}","templated":true}]}}