{"id":5591,"date":"2026-02-17T16:18:15","date_gmt":"2026-02-17T16:18:15","guid":{"rendered":"https:\/\/www.misflorescali.com\/flores\/?post_type=product&#038;p=5591"},"modified":"2026-02-17T16:18:15","modified_gmt":"2026-02-17T16:18:15","slug":"bouquet-de-girasoles-con-peluche-ref2051","status":"publish","type":"product","link":"https:\/\/www.misflorescali.com\/flores\/product\/bouquet-de-girasoles-con-peluche-ref2051\/","title":{"rendered":"bouquet de girasoles con peluche ref2051"},"content":{"rendered":"<p>v\u00eda WhatsApp 3122963759.<\/p>\n<p>Puedes Cambiar, el color de rosas. (contando con las disponibilidad en el momento)<\/p>\n<p>HORARIO DE ATENCION: Se estar\u00e1 atendiendo de lunes a s\u00e1bado de 8 am a 5:30 pm, Domingo y Festivos de 8:00 am a 3:30 pm. Los Tel\u00e9fonos y el Chat estar\u00e1n disponibles en hora laboral.<\/p>\n<p>RECUERDA: puedes realizar tu compra durante las 24 Horas del d\u00eda de la semana en Misflorescali.com.<\/p>\n<p>DESPACHO: Si tu producto, es para el mismo d\u00eda, Realiza tu pedido m\u00e1ximo con 2 horas de anticipaci\u00f3n. Los Domingos, Solo Se Despachara Los Pedidos Del D\u00eda Anterior.<\/p>\n<p>Para validar tu compra, es necesario la Confirmaci\u00f3n de Pago<\/p>\n","protected":false},"excerpt":{"rendered":"<p>Un detalle que enamora a primera vista. Este hermoso bouquet combina la energ\u00eda vibrante de los girasoles con la pasi\u00f3n de las rosas rojas, acompa\u00f1ado de un tierno elefante de peluche rosa que simboliza amor, protecci\u00f3n y dulzura.<br \/>\nPerfecto para sorprender en cumplea\u00f1os, aniversarios, San Valent\u00edn o simplemente para decir \u201cEstoy pensando en ti<\/p>\n","protected":false},"featured_media":5592,"template":"","meta":{"site-sidebar-layout":"default","site-content-layout":"","ast-site-content-layout":"default","site-content-style":"default","site-sidebar-style":"default","ast-global-header-display":"","ast-banner-title-visibility":"","ast-main-header-display":"","ast-hfb-above-header-display":"","ast-hfb-below-header-display":"","ast-hfb-mobile-header-display":"","site-post-title":"","ast-breadcrumbs-content":"","ast-featured-img":"","footer-sml-layout":"","ast-disable-related-posts":"","theme-transparent-header-meta":"default","adv-header-id-meta":"","stick-header-meta":"","header-above-stick-meta":"","header-main-stick-meta":"","header-below-stick-meta":"","astra-migrate-meta-layouts":"set","ast-page-background-enabled":"default","ast-page-background-meta":{"desktop":{"background-color":"var(--ast-global-color-4)","background-image":"","background-repeat":"repeat","background-position":"center center","background-size":"auto","background-attachment":"scroll","background-type":"","background-media":"","overlay-type":"","overlay-color":"","overlay-opacity":"","overlay-gradient":""},"tablet":{"background-color":"","background-image":"","background-repeat":"repeat","background-position":"center center","background-size":"auto","background-attachment":"scroll","background-type":"","background-media":"","overlay-type":"","overlay-color":"","overlay-opacity":"","overlay-gradient":""},"mobile":{"background-color":"","background-image":"","background-repeat":"repeat","background-position":"center center","background-size":"auto","background-attachment":"scroll","background-type":"","background-media":"","overlay-type":"","overlay-color":"","overlay-opacity":"","overlay-gradient":""}},"ast-content-background-meta":{"desktop":{"background-color":"var(--ast-global-color-5)","background-image":"","background-repeat":"repeat","background-position":"center center","background-size":"auto","background-attachment":"scroll","background-type":"","background-media":"","overlay-type":"","overlay-color":"","overlay-opacity":"","overlay-gradient":""},"tablet":{"background-color":"var(--ast-global-color-5)","background-image":"","background-repeat":"repeat","background-position":"center center","background-size":"auto","background-attachment":"scroll","background-type":"","background-media":"","overlay-type":"","overlay-color":"","overlay-opacity":"","overlay-gradient":""},"mobile":{"background-color":"var(--ast-global-color-5)","background-image":"","background-repeat":"repeat","background-position":"center center","background-size":"auto","background-attachment":"scroll","background-type":"","background-media":"","overlay-type":"","overlay-color":"","overlay-opacity":"","overlay-gradient":""}},"_joinchat":[]},"product_brand":[],"product_cat":[122,36,37,38,40,25,29,34],"product_tag":[42,1848,41,862,804,59,64,113],"class_list":{"0":"post-5591","1":"product","2":"type-product","3":"status-publish","4":"has-post-thumbnail","6":"product_cat-peluches","7":"product_cat-cumpleanos","8":"product_cat-aniversario","9":"product_cat-nacimiento","10":"product_cat-grados","11":"product_cat-bouquet-de-flores","12":"product_cat-san-valentin","13":"product_cat-amor-y-amistad","14":"product_tag-aniversario","15":"product_tag-boquet-con-peluche","16":"product_tag-cumpleanos","17":"product_tag-flores-a-domicilio","18":"product_tag-flores-en-cali","19":"product_tag-girasoles","20":"product_tag-rosas-rojas","21":"product_tag-san-valentin","22":"desktop-align-left","23":"tablet-align-left","24":"mobile-align-left","26":"first","27":"instock","28":"shipping-taxable","29":"purchasable","30":"product-type-simple"},"_links":{"self":[{"href":"https:\/\/www.misflorescali.com\/flores\/wp-json\/wp\/v2\/product\/5591","targetHints":{"allow":["GET"]}}],"collection":[{"href":"https:\/\/www.misflorescali.com\/flores\/wp-json\/wp\/v2\/product"}],"about":[{"href":"https:\/\/www.misflorescali.com\/flores\/wp-json\/wp\/v2\/types\/product"}],"wp:featuredmedia":[{"embeddable":true,"href":"https:\/\/www.misflorescali.com\/flores\/wp-json\/wp\/v2\/media\/5592"}],"wp:attachment":[{"href":"https:\/\/www.misflorescali.com\/flores\/wp-json\/wp\/v2\/media?parent=5591"}],"wp:term":[{"taxonomy":"product_brand","embeddable":true,"href":"https:\/\/www.misflorescali.com\/flores\/wp-json\/wp\/v2\/product_brand?post=5591"},{"taxonomy":"product_cat","embeddable":true,"href":"https:\/\/www.misflorescali.com\/flores\/wp-json\/wp\/v2\/product_cat?post=5591"},{"taxonomy":"product_tag","embeddable":true,"href":"https:\/\/www.misflorescali.com\/flores\/wp-json\/wp\/v2\/product_tag?post=5591"}],"curies":[{"name":"wp","href":"https:\/\/api.w.org\/{rel}","templated":true}]}}