{"id":700,"date":"2020-12-23T20:19:59","date_gmt":"2020-12-23T20:19:59","guid":{"rendered":"https:\/\/www.misflorescali.com\/flores\/?post_type=product&#038;p=700"},"modified":"2023-05-08T14:18:50","modified_gmt":"2023-05-08T14:18:50","slug":"caja-de-rosas-en-forma-de-corazon-con-rosas-rosadas","status":"publish","type":"product","link":"https:\/\/www.misflorescali.com\/flores\/product\/caja-de-rosas-en-forma-de-corazon-con-rosas-rosadas\/","title":{"rendered":"Caja De Rosas En Forma De Coraz\u00f3n, Con Rosas Rosadas Con salm\u00f3n Ref #102"},"content":{"rendered":"","protected":false},"excerpt":{"rendered":"<p>Caja Blanca<\/p>\n<p>Rosas Rosadas con salm\u00f3n<\/p>\n<p>contiene 23 rosas<\/p>\n<p><strong>NOTA<\/strong>: Si Deseas Realizar Alg\u00fan cambio al color de tu detalle, o si quieres a\u00f1adir alg\u00fan globo u otro elemento puedes Escribirnos v\u00eda WhatsApp 3122963759.<\/p>\n<p>Puedes Cambiar, el color de rosas. (contando con las disponibilidad en el momento)<\/p>\n<p><strong>HORARIO DE ATENCION. RECUERDA<\/strong>\u00a0realizar tu compra con 24 Horas de anticipaci\u00f3n, se estar\u00e1 atendiendo de 7am a 6pm hora laboral, y Domingo y Festivos de 7:00 am a 4:00 pm<br \/>\n<strong>Para validar<\/strong> tu compra, es necesario la Confirmaci\u00f3n de Pago.<\/p>\n","protected":false},"featured_media":702,"template":"","meta":{"site-sidebar-layout":"default","site-content-layout":"","ast-site-content-layout":"default","site-content-style":"default","site-sidebar-style":"default","ast-global-header-display":"","ast-banner-title-visibility":"","ast-main-header-display":"","ast-hfb-above-header-display":"","ast-hfb-below-header-display":"","ast-hfb-mobile-header-display":"","site-post-title":"","ast-breadcrumbs-content":"","ast-featured-img":"","footer-sml-layout":"","ast-disable-related-posts":"","theme-transparent-header-meta":"","adv-header-id-meta":"","stick-header-meta":"","header-above-stick-meta":"","header-main-stick-meta":"","header-below-stick-meta":"","astra-migrate-meta-layouts":"default","ast-page-background-enabled":"default","ast-page-background-meta":{"desktop":{"background-color":"var(--ast-global-color-4)","background-image":"","background-repeat":"repeat","background-position":"center center","background-size":"auto","background-attachment":"scroll","background-type":"","background-media":"","overlay-type":"","overlay-color":"","overlay-opacity":"","overlay-gradient":""},"tablet":{"background-color":"","background-image":"","background-repeat":"repeat","background-position":"center center","background-size":"auto","background-attachment":"scroll","background-type":"","background-media":"","overlay-type":"","overlay-color":"","overlay-opacity":"","overlay-gradient":""},"mobile":{"background-color":"","background-image":"","background-repeat":"repeat","background-position":"center center","background-size":"auto","background-attachment":"scroll","background-type":"","background-media":"","overlay-type":"","overlay-color":"","overlay-opacity":"","overlay-gradient":""}},"ast-content-background-meta":{"desktop":{"background-color":"var(--ast-global-color-5)","background-image":"","background-repeat":"repeat","background-position":"center center","background-size":"auto","background-attachment":"scroll","background-type":"","background-media":"","overlay-type":"","overlay-color":"","overlay-opacity":"","overlay-gradient":""},"tablet":{"background-color":"var(--ast-global-color-5)","background-image":"","background-repeat":"repeat","background-position":"center center","background-size":"auto","background-attachment":"scroll","background-type":"","background-media":"","overlay-type":"","overlay-color":"","overlay-opacity":"","overlay-gradient":""},"mobile":{"background-color":"var(--ast-global-color-5)","background-image":"","background-repeat":"repeat","background-position":"center center","background-size":"auto","background-attachment":"scroll","background-type":"","background-media":"","overlay-type":"","overlay-color":"","overlay-opacity":"","overlay-gradient":""}},"_joinchat":[]},"product_brand":[],"product_cat":[36,37,38,40,24,30,31,32,34],"product_tag":[94,109,68,170,171,88,46,92,166,168,167,144,119,169],"class_list":{"0":"post-700","1":"product","2":"type-product","3":"status-publish","4":"has-post-thumbnail","6":"product_cat-cumpleanos","7":"product_cat-aniversario","8":"product_cat-nacimiento","9":"product_cat-grados","10":"product_cat-cajas-con-flores","11":"product_cat-dia-de-la-mujer","12":"product_cat-dia-de-la-secretaria","13":"product_cat-dia-de-la-madre","14":"product_cat-amor-y-amistad","15":"product_tag-alameda","16":"product_tag-amistad","17":"product_tag-amor","18":"product_tag-caja-de-rosas","19":"product_tag-caja-de-rosas-rosadas","20":"product_tag-cali","21":"product_tag-dia-de-la-madre","22":"product_tag-dia-de-la-secretaria","23":"product_tag-flores-cali","24":"product_tag-floristeria-alameda","25":"product_tag-mis-flores","26":"product_tag-mis-flores-cali","27":"product_tag-rosas-rosadas","28":"product_tag-salmon","29":"desktop-align-left","30":"tablet-align-left","31":"mobile-align-left","33":"first","34":"instock","35":"shipping-taxable","36":"purchasable","37":"product-type-simple"},"_links":{"self":[{"href":"https:\/\/www.misflorescali.com\/flores\/wp-json\/wp\/v2\/product\/700","targetHints":{"allow":["GET"]}}],"collection":[{"href":"https:\/\/www.misflorescali.com\/flores\/wp-json\/wp\/v2\/product"}],"about":[{"href":"https:\/\/www.misflorescali.com\/flores\/wp-json\/wp\/v2\/types\/product"}],"wp:featuredmedia":[{"embeddable":true,"href":"https:\/\/www.misflorescali.com\/flores\/wp-json\/wp\/v2\/media\/702"}],"wp:attachment":[{"href":"https:\/\/www.misflorescali.com\/flores\/wp-json\/wp\/v2\/media?parent=700"}],"wp:term":[{"taxonomy":"product_brand","embeddable":true,"href":"https:\/\/www.misflorescali.com\/flores\/wp-json\/wp\/v2\/product_brand?post=700"},{"taxonomy":"product_cat","embeddable":true,"href":"https:\/\/www.misflorescali.com\/flores\/wp-json\/wp\/v2\/product_cat?post=700"},{"taxonomy":"product_tag","embeddable":true,"href":"https:\/\/www.misflorescali.com\/flores\/wp-json\/wp\/v2\/product_tag?post=700"}],"curies":[{"name":"wp","href":"https:\/\/api.w.org\/{rel}","templated":true}]}}