{"id":958,"date":"2021-01-04T16:54:52","date_gmt":"2021-01-04T16:54:52","guid":{"rendered":"https:\/\/www.misflorescali.com\/flores\/?post_type=product&#038;p=958"},"modified":"2021-02-16T16:52:08","modified_gmt":"2021-02-16T16:52:08","slug":"arreglo-mi-mar-ref-168","status":"publish","type":"product","link":"https:\/\/www.misflorescali.com\/flores\/product\/arreglo-mi-mar-ref-168\/","title":{"rendered":"Arreglo Mi Mar Ref #168"},"content":{"rendered":"","protected":false},"excerpt":{"rendered":"<p>&nbsp;<\/p>\n<p>Contiene:<\/p>\n<p>Base blanca<\/p>\n<p>Rosas azules<\/p>\n<p><strong>NOTA<\/strong>: Si Deseas Realizar Alg\u00fan cambio al color de tu detalle, o si quieres a\u00f1adir alg\u00fan globo u otro elemento puedes\u00a0<strong>Escribirnos v\u00eda WhatsApp 3122963759.<\/strong><\/p>\n<p><strong>HORARIO DE ATENCION:\u00a0<\/strong>Se estar\u00e1 atendiendo de lunes a s\u00e1bado de 8 am a 5:30 pm, Domingo y Festivos de 8:00 am a 3:30 pm. Los Tel\u00e9fonos y el Chat estar\u00e1n disponibles en hora laboral.<\/p>\n<p><strong>RECUERDA:\u00a0<\/strong>puedes realizar tu compra\u00a0<strong>durante las 24 Horas del d\u00eda de la semana en<em>\u00a0Misflorescali.com.<\/em><\/strong><\/p>\n<p><strong>DESPACHO:<\/strong>\u00a0Si tu producto, es para el mismo d\u00eda, Realiza tu pedido m\u00e1ximo con 2 horas de anticipaci\u00f3n.\u00a0<strong>Los\u00a0<\/strong><strong>Domingos, Solo Se Despachara Los Perdidos Del D\u00eda Anterior.<\/strong><\/p>\n<p><strong>Para validar<\/strong>\u00a0tu compra, es necesario la Confirmaci\u00f3n de Pago.<\/p>\n","protected":false},"featured_media":959,"template":"","meta":{"site-sidebar-layout":"default","site-content-layout":"","ast-site-content-layout":"default","site-content-style":"default","site-sidebar-style":"default","ast-global-header-display":"","ast-banner-title-visibility":"","ast-main-header-display":"","ast-hfb-above-header-display":"","ast-hfb-below-header-display":"","ast-hfb-mobile-header-display":"","site-post-title":"","ast-breadcrumbs-content":"","ast-featured-img":"","footer-sml-layout":"","ast-disable-related-posts":"","theme-transparent-header-meta":"","adv-header-id-meta":"","stick-header-meta":"","header-above-stick-meta":"","header-main-stick-meta":"","header-below-stick-meta":"","astra-migrate-meta-layouts":"default","ast-page-background-enabled":"default","ast-page-background-meta":{"desktop":{"background-color":"var(--ast-global-color-4)","background-image":"","background-repeat":"repeat","background-position":"center center","background-size":"auto","background-attachment":"scroll","background-type":"","background-media":"","overlay-type":"","overlay-color":"","overlay-opacity":"","overlay-gradient":""},"tablet":{"background-color":"","background-image":"","background-repeat":"repeat","background-position":"center center","background-size":"auto","background-attachment":"scroll","background-type":"","background-media":"","overlay-type":"","overlay-color":"","overlay-opacity":"","overlay-gradient":""},"mobile":{"background-color":"","background-image":"","background-repeat":"repeat","background-position":"center center","background-size":"auto","background-attachment":"scroll","background-type":"","background-media":"","overlay-type":"","overlay-color":"","overlay-opacity":"","overlay-gradient":""}},"ast-content-background-meta":{"desktop":{"background-color":"var(--ast-global-color-5)","background-image":"","background-repeat":"repeat","background-position":"center center","background-size":"auto","background-attachment":"scroll","background-type":"","background-media":"","overlay-type":"","overlay-color":"","overlay-opacity":"","overlay-gradient":""},"tablet":{"background-color":"var(--ast-global-color-5)","background-image":"","background-repeat":"repeat","background-position":"center center","background-size":"auto","background-attachment":"scroll","background-type":"","background-media":"","overlay-type":"","overlay-color":"","overlay-opacity":"","overlay-gradient":""},"mobile":{"background-color":"var(--ast-global-color-5)","background-image":"","background-repeat":"repeat","background-position":"center center","background-size":"auto","background-attachment":"scroll","background-type":"","background-media":"","overlay-type":"","overlay-color":"","overlay-opacity":"","overlay-gradient":""}},"_joinchat":[]},"product_brand":[],"product_cat":[36,37,40,24,30,33],"product_tag":[246,360,359,358,357,66,144,356,323],"class_list":{"0":"post-958","1":"product","2":"type-product","3":"status-publish","4":"has-post-thumbnail","6":"product_cat-cumpleanos","7":"product_cat-aniversario","8":"product_cat-grados","9":"product_cat-cajas-con-flores","10":"product_cat-dia-de-la-mujer","11":"product_cat-dia-del-padre","12":"product_tag-alameda-floristeria","13":"product_tag-arreglo-con-rosas-azules","14":"product_tag-arreglo-para-aniversario","15":"product_tag-arreglo-para-cumpleanos","16":"product_tag-caja-de-rosas-con-rosas-azules","17":"product_tag-floristeria-cali","18":"product_tag-mis-flores-cali","19":"product_tag-rosas-azules","20":"product_tag-rosas-para-el-dia-de-la-mujer","21":"desktop-align-left","22":"tablet-align-left","23":"mobile-align-left","25":"first","26":"instock","27":"shipping-taxable","28":"purchasable","29":"product-type-simple"},"_links":{"self":[{"href":"https:\/\/www.misflorescali.com\/flores\/wp-json\/wp\/v2\/product\/958","targetHints":{"allow":["GET"]}}],"collection":[{"href":"https:\/\/www.misflorescali.com\/flores\/wp-json\/wp\/v2\/product"}],"about":[{"href":"https:\/\/www.misflorescali.com\/flores\/wp-json\/wp\/v2\/types\/product"}],"wp:featuredmedia":[{"embeddable":true,"href":"https:\/\/www.misflorescali.com\/flores\/wp-json\/wp\/v2\/media\/959"}],"wp:attachment":[{"href":"https:\/\/www.misflorescali.com\/flores\/wp-json\/wp\/v2\/media?parent=958"}],"wp:term":[{"taxonomy":"product_brand","embeddable":true,"href":"https:\/\/www.misflorescali.com\/flores\/wp-json\/wp\/v2\/product_brand?post=958"},{"taxonomy":"product_cat","embeddable":true,"href":"https:\/\/www.misflorescali.com\/flores\/wp-json\/wp\/v2\/product_cat?post=958"},{"taxonomy":"product_tag","embeddable":true,"href":"https:\/\/www.misflorescali.com\/flores\/wp-json\/wp\/v2\/product_tag?post=958"}],"curies":[{"name":"wp","href":"https:\/\/api.w.org\/{rel}","templated":true}]}}